{"id":74,"date":"2018-06-26T08:30:44","date_gmt":"2018-06-26T11:30:44","guid":{"rendered":"https:\/\/www.tipsagencia.com.ar\/?page_id=74"},"modified":"2020-08-13T15:21:24","modified_gmt":"2020-08-13T18:21:24","slug":"goasesorias","status":"publish","type":"page","link":"https:\/\/www.tipsagencia.com.ar\/index.php\/goasesorias\/","title":{"rendered":"#Goasesor\u00edas"},"content":{"rendered":"<p>Esta es nuestra secci\u00f3n para ayudarte a que seas vos quien ponga en funcionamiento tu estrategia digital.<\/p>\n<p>Vas a conocer como hacer tu <strong>posicionamiento web<\/strong> y gestionar tus <strong>redes sociales<\/strong>, pero \u00bfC\u00f3mo?<\/p>\n<p>Te acompa\u00f1aremos en este proceso con 3 encuentros donde conoceremos tu emprendimiento y trabajaremos juntos para que conozcas sobre el apasionante mundo online.<\/p>\n<p><strong>Asesor\u00eda armado de estrategia digital para Facebook e Instagram (3 encuentros) para 2 personas de la misma empresa<\/strong><\/p>\n<ul>\n<li><strong>ENCUENTRO 1<\/strong>&nbsp; (3hs): Introducci\u00f3n a la redes sociales, redes sociales adaptables a cada negocio, horarios de publicaciones, distintos tipos de posteos y efectividad, planificaci\u00f3n de trabajo para la acci\u00f3n, campa\u00f1as pagas, reportes, programas de dise\u00f1o predeterminados para mejorar publicaciones<\/li>\n<li><strong>ENCUENTRO 2<\/strong> (2 hs): Diagn\u00f3stico de emprendimiento<\/li>\n<li><strong>ENCUENTRO 3<\/strong> (2 hs): Armado de estrategia, modelo de planificaci\u00f3n mensual, programaci\u00f3n de primera semana<\/li>\n<\/ul>\n<p>Esta asesor\u00eda tiene como objetivo ayudarte a potenciar toda la estrategia de comunicaci\u00f3n en redes sociales, para que puedas potenciar tus ventas y llegar a m\u00e1s gente<\/p>\n<p>Son 3 encuentros en donde vas a conocer la gesti\u00f3n de redes y trabajaremos en profundidad sobre tu proyecto.<\/p>\n<p>\u00a1Las asesor\u00edas pueden ser online o presenciales!<\/p>\n","protected":false},"excerpt":{"rendered":"<p>Esta es nuestra secci\u00f3n para ayudarte a que seas vos quien ponga en funcionamiento tu estrategia digital. Vas a conocer como hacer tu posicionamiento web y gestionar tus redes sociales, pero \u00bfC\u00f3mo? Te acompa\u00f1aremos en este proceso con 3 encuentros donde conoceremos tu emprendimiento y trabajaremos juntos para que conozcas sobre el apasionante mundo online. <a href=\"https:\/\/www.tipsagencia.com.ar\/index.php\/goasesorias\/\" rel=\"nofollow\"><span class=\"sr-only\">Leer m\u00e1s#Goasesor\u00edas<\/span>[&hellip;]<\/a><\/p>\n","protected":false},"author":1,"featured_media":0,"parent":0,"menu_order":0,"comment_status":"closed","ping_status":"closed","template":"template-fullwidth-no-title.php","meta":[],"_links":{"self":[{"href":"https:\/\/www.tipsagencia.com.ar\/index.php\/wp-json\/wp\/v2\/pages\/74"}],"collection":[{"href":"https:\/\/www.tipsagencia.com.ar\/index.php\/wp-json\/wp\/v2\/pages"}],"about":[{"href":"https:\/\/www.tipsagencia.com.ar\/index.php\/wp-json\/wp\/v2\/types\/page"}],"author":[{"embeddable":true,"href":"https:\/\/www.tipsagencia.com.ar\/index.php\/wp-json\/wp\/v2\/users\/1"}],"replies":[{"embeddable":true,"href":"https:\/\/www.tipsagencia.com.ar\/index.php\/wp-json\/wp\/v2\/comments?post=74"}],"version-history":[{"count":3,"href":"https:\/\/www.tipsagencia.com.ar\/index.php\/wp-json\/wp\/v2\/pages\/74\/revisions"}],"predecessor-version":[{"id":262,"href":"https:\/\/www.tipsagencia.com.ar\/index.php\/wp-json\/wp\/v2\/pages\/74\/revisions\/262"}],"wp:attachment":[{"href":"https:\/\/www.tipsagencia.com.ar\/index.php\/wp-json\/wp\/v2\/media?parent=74"}],"curies":[{"name":"wp","href":"https:\/\/api.w.org\/{rel}","templated":true}]}}