{"id":2,"date":"2016-08-11T11:40:10","date_gmt":"2016-08-11T11:40:10","guid":{"rendered":"http:\/\/www.tipsagencia.com.ar\/?page_id=2"},"modified":"2018-06-26T08:16:44","modified_gmt":"2018-06-26T11:16:44","slug":"goonline","status":"publish","type":"page","link":"https:\/\/www.tipsagencia.com.ar\/index.php\/goonline\/","title":{"rendered":"#Goonline"},"content":{"rendered":"<p>Esta es nuestra unidad que pondr\u00e1 tu negocio o empresa en el <strong>canal digital<\/strong>.<\/p>\n<p>La nueva forma de comunicarnos nos exige cada vez m\u00e1s estar conectados. Por eso queremos que tu lanzamiento a este camino sea acompa\u00f1ado por expertos que saben qu\u00e9 hacer y c\u00f3mo hacerlo.<\/p>\n<p><strong>\u00a0\u00bfQu\u00e9 te ofrecemos?<\/strong><\/p>\n<ul>\n<li>Idea e implementaci\u00f3n de tu <strong>sitio web\u00a0<\/strong><\/li>\n<li>Servicio integral de <strong>Marketing Digital<\/strong><\/li>\n<li>Gesti\u00f3n de <strong>Community Manager<\/strong><\/li>\n<li>Servicio de <strong>Email Marketing<\/strong><\/li>\n<\/ul>\n<p>Tendr\u00e1s un asesor que te acompa\u00f1ara a lo largo de este proceso y buscaremos brindarte la mejor soluci\u00f3n que se adapte a tu estrategia de negocios<\/p>\n<p>Llegar\u00e1s a los clientes que est\u00e1s buscando donde ellos est\u00e1n. \u00a1Estamos listos!<\/p>\n","protected":false},"excerpt":{"rendered":"<p>Esta es nuestra unidad que pondr\u00e1 tu negocio o empresa en el canal digital. La nueva forma de comunicarnos nos exige cada vez m\u00e1s estar conectados. Por eso queremos que tu lanzamiento a este camino sea acompa\u00f1ado por expertos que saben qu\u00e9 hacer y c\u00f3mo hacerlo. \u00a0\u00bfQu\u00e9 te ofrecemos? Idea e implementaci\u00f3n de tu sitio <a href=\"https:\/\/www.tipsagencia.com.ar\/index.php\/goonline\/\" rel=\"nofollow\"><span class=\"sr-only\">Leer m\u00e1s#Goonline<\/span>[&hellip;]<\/a><\/p>\n","protected":false},"author":1,"featured_media":0,"parent":0,"menu_order":0,"comment_status":"closed","ping_status":"closed","template":"template-fullwidth-no-title.php","meta":[],"_links":{"self":[{"href":"https:\/\/www.tipsagencia.com.ar\/index.php\/wp-json\/wp\/v2\/pages\/2"}],"collection":[{"href":"https:\/\/www.tipsagencia.com.ar\/index.php\/wp-json\/wp\/v2\/pages"}],"about":[{"href":"https:\/\/www.tipsagencia.com.ar\/index.php\/wp-json\/wp\/v2\/types\/page"}],"author":[{"embeddable":true,"href":"https:\/\/www.tipsagencia.com.ar\/index.php\/wp-json\/wp\/v2\/users\/1"}],"replies":[{"embeddable":true,"href":"https:\/\/www.tipsagencia.com.ar\/index.php\/wp-json\/wp\/v2\/comments?post=2"}],"version-history":[{"count":1,"href":"https:\/\/www.tipsagencia.com.ar\/index.php\/wp-json\/wp\/v2\/pages\/2\/revisions"}],"predecessor-version":[{"id":75,"href":"https:\/\/www.tipsagencia.com.ar\/index.php\/wp-json\/wp\/v2\/pages\/2\/revisions\/75"}],"wp:attachment":[{"href":"https:\/\/www.tipsagencia.com.ar\/index.php\/wp-json\/wp\/v2\/media?parent=2"}],"curies":[{"name":"wp","href":"https:\/\/api.w.org\/{rel}","templated":true}]}}