{"id":16,"date":"2016-08-12T13:58:08","date_gmt":"2016-08-12T13:58:08","guid":{"rendered":"http:\/\/www.tipsagencia.com.ar\/?page_id=16"},"modified":"2016-08-12T14:30:51","modified_gmt":"2016-08-12T14:30:51","slug":"gomarketing","status":"publish","type":"page","link":"https:\/\/www.tipsagencia.com.ar\/index.php\/gomarketing\/","title":{"rendered":"#Gomarketing"},"content":{"rendered":"<p>Una empresa sin <strong>Marketing<\/strong> es como un barco sin capit\u00e1n. Conocerte y conocer a tu competencia te diferenciar\u00e1 y har\u00e1 crecer tu negocio.<\/p>\n<p>Esta unidad de Tips har\u00e1 que tu empresa se expanda en el mercado logrando resultados concretos y medibles.<\/p>\n<p>Sabemos de<strong> marketing<\/strong>, porque es lo que nos apasiona \u00a1Estamos listos!<\/p>\n<p>\u00bfQu\u00e9 te ofrecemos?<\/p>\n<ul>\n<li><strong>\u00a0Plan de marketing<\/strong> integral<\/li>\n<li><strong>Investigaci\u00f3n de mercado<\/strong><\/li>\n<li><strong>Merchandising<\/strong><\/li>\n<li>Implementaci\u00f3n de <strong>CRM<\/strong><\/li>\n<li><strong>Dise\u00f1o web<\/strong><\/li>\n<\/ul>\n","protected":false},"excerpt":{"rendered":"<p>Una empresa sin Marketing es como un barco sin capit\u00e1n. Conocerte y conocer a tu competencia te diferenciar\u00e1 y har\u00e1 crecer tu negocio. Esta unidad de Tips har\u00e1 que tu empresa se expanda en el mercado logrando resultados concretos y medibles. Sabemos de marketing, porque es lo que nos apasiona \u00a1Estamos listos! \u00bfQu\u00e9 te ofrecemos? <a href=\"https:\/\/www.tipsagencia.com.ar\/index.php\/gomarketing\/\" rel=\"nofollow\"><span class=\"sr-only\">Leer m\u00e1s#Gomarketing<\/span>[&hellip;]<\/a><\/p>\n","protected":false},"author":1,"featured_media":0,"parent":0,"menu_order":0,"comment_status":"closed","ping_status":"closed","template":"template-fullwidth-no-title.php","meta":[],"_links":{"self":[{"href":"https:\/\/www.tipsagencia.com.ar\/index.php\/wp-json\/wp\/v2\/pages\/16"}],"collection":[{"href":"https:\/\/www.tipsagencia.com.ar\/index.php\/wp-json\/wp\/v2\/pages"}],"about":[{"href":"https:\/\/www.tipsagencia.com.ar\/index.php\/wp-json\/wp\/v2\/types\/page"}],"author":[{"embeddable":true,"href":"https:\/\/www.tipsagencia.com.ar\/index.php\/wp-json\/wp\/v2\/users\/1"}],"replies":[{"embeddable":true,"href":"https:\/\/www.tipsagencia.com.ar\/index.php\/wp-json\/wp\/v2\/comments?post=16"}],"version-history":[{"count":0,"href":"https:\/\/www.tipsagencia.com.ar\/index.php\/wp-json\/wp\/v2\/pages\/16\/revisions"}],"wp:attachment":[{"href":"https:\/\/www.tipsagencia.com.ar\/index.php\/wp-json\/wp\/v2\/media?parent=16"}],"curies":[{"name":"wp","href":"https:\/\/api.w.org\/{rel}","templated":true}]}}