{"id":11,"date":"2016-08-12T13:51:18","date_gmt":"2016-08-12T13:51:18","guid":{"rendered":"http:\/\/www.tipsagencia.com.ar\/?page_id=11"},"modified":"2016-08-17T18:21:27","modified_gmt":"2016-08-17T18:21:27","slug":"gocommunity","status":"publish","type":"page","link":"https:\/\/www.tipsagencia.com.ar\/index.php\/gocommunity\/","title":{"rendered":"#Gocommunity"},"content":{"rendered":"<p>Las<strong> redes sociales<\/strong> son el lugar donde tus clientes te conocen y hablan de vos. Una buena gesti\u00f3n y administraci\u00f3n de \u00e9stas hacen clientes m\u00e1s felices que compartir\u00e1n su alegr\u00eda por todos lados.<\/p>\n<p>En est\u00e1 \u00e1rea nos dedicamos a brindarte la soluci\u00f3n para que tu <strong>comunicaci\u00f3n<\/strong> sea la efectiva y logres los resultados que est\u00e1s buscando.<\/p>\n<p>Las <strong>redes sociales<\/strong> son tu nueva vidriera y nosotros sabemos como administrarla \u00a1Estamos listos!<\/p>\n<p>\u00bfQu\u00e9 te ofrecemos?<\/p>\n<ul>\n<li>Creaci\u00f3n de las <strong>redes sociales<\/strong> acordes a tu empresa<\/li>\n<li>Creatividad, dise\u00f1o y armado de las publicaciones<\/li>\n<li><strong>Anuncios pagos<\/strong> en redes<\/li>\n<li>Respuestas de preguntas y mensajes que se reciban<\/li>\n<li>Propuesta creativa y calendarizaci\u00f3n de la estrategia de redes<\/li>\n<li>Reportes de monitoreo y seguimiento de performance<\/li>\n<\/ul>\n","protected":false},"excerpt":{"rendered":"<p>Las redes sociales son el lugar donde tus clientes te conocen y hablan de vos. Una buena gesti\u00f3n y administraci\u00f3n de \u00e9stas hacen clientes m\u00e1s felices que compartir\u00e1n su alegr\u00eda por todos lados. En est\u00e1 \u00e1rea nos dedicamos a brindarte la soluci\u00f3n para que tu comunicaci\u00f3n sea la efectiva y logres los resultados que est\u00e1s <a href=\"https:\/\/www.tipsagencia.com.ar\/index.php\/gocommunity\/\" rel=\"nofollow\"><span class=\"sr-only\">Leer m\u00e1s#Gocommunity<\/span>[&hellip;]<\/a><\/p>\n","protected":false},"author":1,"featured_media":0,"parent":0,"menu_order":0,"comment_status":"closed","ping_status":"closed","template":"template-fullwidth-no-title.php","meta":[],"_links":{"self":[{"href":"https:\/\/www.tipsagencia.com.ar\/index.php\/wp-json\/wp\/v2\/pages\/11"}],"collection":[{"href":"https:\/\/www.tipsagencia.com.ar\/index.php\/wp-json\/wp\/v2\/pages"}],"about":[{"href":"https:\/\/www.tipsagencia.com.ar\/index.php\/wp-json\/wp\/v2\/types\/page"}],"author":[{"embeddable":true,"href":"https:\/\/www.tipsagencia.com.ar\/index.php\/wp-json\/wp\/v2\/users\/1"}],"replies":[{"embeddable":true,"href":"https:\/\/www.tipsagencia.com.ar\/index.php\/wp-json\/wp\/v2\/comments?post=11"}],"version-history":[{"count":0,"href":"https:\/\/www.tipsagencia.com.ar\/index.php\/wp-json\/wp\/v2\/pages\/11\/revisions"}],"wp:attachment":[{"href":"https:\/\/www.tipsagencia.com.ar\/index.php\/wp-json\/wp\/v2\/media?parent=11"}],"curies":[{"name":"wp","href":"https:\/\/api.w.org\/{rel}","templated":true}]}}